{"id":12287,"date":"2022-09-08T19:30:15","date_gmt":"2022-09-08T17:30:15","guid":{"rendered":"https:\/\/soudoplast.com\/privacy-policy\/"},"modified":"2024-02-20T16:38:25","modified_gmt":"2024-02-20T15:38:25","slug":"privacy-policy","status":"publish","type":"page","link":"https:\/\/soudoplast.com\/de\/privacy-policy\/","title":{"rendered":"Privacy Policy"},"content":{"rendered":"\t\t<div data-elementor-type=\"wp-page\" data-elementor-id=\"12287\" class=\"elementor elementor-12287 elementor-999\" data-elementor-post-type=\"page\">\n\t\t\t\t\t\t<section class=\"elementor-section elementor-top-section elementor-element elementor-element-43897269 elementor-section-boxed elementor-section-height-default elementor-section-height-default sc_fly_static\" data-id=\"43897269\" data-element_type=\"section\" data-settings=\"{&quot;background_background&quot;:&quot;classic&quot;}\">\n\t\t\t\t\t\t<div class=\"elementor-container elementor-column-gap-extended\">\n\t\t\t\t\t<div class=\"elementor-column elementor-col-100 elementor-top-column elementor-element elementor-element-6f02bc5d sc_inner_width_none sc_content_align_inherit sc_layouts_column_icons_position_left sc_fly_static\" data-id=\"6f02bc5d\" data-element_type=\"column\">\n\t\t\t<div class=\"elementor-widget-wrap elementor-element-populated\">\n\t\t\t\t\t\t<div class=\"elementor-element elementor-element-2f36bc6 sc_fly_static elementor-widget elementor-widget-heading\" data-id=\"2f36bc6\" data-element_type=\"widget\" data-widget_type=\"heading.default\">\n\t\t\t\t<div class=\"elementor-widget-container\">\n\t\t\t\t\t<h2 class=\"elementor-heading-title elementor-size-default\">Datenschutzerkl\u00e4rung<\/h2>\t\t\t\t<\/div>\n\t\t\t\t<\/div>\n\t\t\t\t<div class=\"elementor-element elementor-element-1873ed3 sc_fly_static elementor-widget elementor-widget-text-editor\" data-id=\"1873ed3\" data-element_type=\"widget\" data-widget_type=\"text-editor.default\">\n\t\t\t\t<div class=\"elementor-widget-container\">\n\t\t\t\t\t\t\t\t\t<h5>1. Einleitung<\/h5>\n<p>Da uns der Schutz Ihrer Privatsph\u00e4re am Herzen liegt, legen wir gro\u00dfen Wert auf die Vertraulichkeit der pers\u00f6nlichen Daten, die Sie uns \u00fcbermitteln. Mit dieser Datenschutzrichtlinie m\u00f6chten wir Ihnen erkl\u00e4ren, welche personenbezogenen Daten wir sammeln, wie wir sie verarbeiten, welche Ma\u00dfnahmen wir ergreifen, um ihre Sicherheit zu gew\u00e4hrleisten, und welche Rechte Sie haben.<\/p>\n<p>Unsere Richtlinien k\u00f6nnen jederzeit von uns aktualisiert werden, und diese \u00c4nderungen treten sofort in Kraft. Wir empfehlen Ihnen, sich regelm\u00e4\u00dfig \u00fcber die neueste Version zu informieren.<\/p>\n<p>Diese Richtlinie gilt f\u00fcr alle personenbezogenen Daten, die Sie uns direkt oder indirekt zur Verf\u00fcgung stellen.<\/p>\n\t\t\t\t\t\t\t\t<\/div>\n\t\t\t\t<\/div>\n\t\t\t\t\t<\/div>\n\t\t<\/div>\n\t\t\t\t\t<\/div>\n\t\t<\/section>\n\t\t\t\t<section class=\"elementor-section elementor-top-section elementor-element elementor-element-275ae601 elementor-section-boxed elementor-section-height-default elementor-section-height-default sc_fly_static\" data-id=\"275ae601\" data-element_type=\"section\">\n\t\t\t\t\t\t<div class=\"elementor-container elementor-column-gap-extended\">\n\t\t\t\t\t<div class=\"elementor-column elementor-col-100 elementor-top-column elementor-element elementor-element-2a2a769 sc_inner_width_none sc_content_align_inherit sc_layouts_column_icons_position_left sc_fly_static\" data-id=\"2a2a769\" data-element_type=\"column\">\n\t\t\t<div class=\"elementor-widget-wrap elementor-element-populated\">\n\t\t\t\t\t\t<div class=\"elementor-element elementor-element-57edafff sc_fly_static elementor-widget elementor-widget-spacer\" data-id=\"57edafff\" data-element_type=\"widget\" data-widget_type=\"spacer.default\">\n\t\t\t\t<div class=\"elementor-widget-container\">\n\t\t\t\t\t\t\t<div class=\"elementor-spacer\">\n\t\t\t<div class=\"elementor-spacer-inner\"><\/div>\n\t\t<\/div>\n\t\t\t\t\t\t<\/div>\n\t\t\t\t<\/div>\n\t\t\t\t\t<\/div>\n\t\t<\/div>\n\t\t\t\t\t<\/div>\n\t\t<\/section>\n\t\t\t\t<section class=\"elementor-section elementor-top-section elementor-element elementor-element-59b9c442 elementor-section-boxed elementor-section-height-default elementor-section-height-default sc_fly_static\" data-id=\"59b9c442\" data-element_type=\"section\" data-settings=\"{&quot;background_background&quot;:&quot;classic&quot;}\">\n\t\t\t\t\t\t<div class=\"elementor-container elementor-column-gap-extended\">\n\t\t\t\t\t<div class=\"elementor-column elementor-col-100 elementor-top-column elementor-element elementor-element-7e7d2714 sc_inner_width_none sc_content_align_inherit sc_layouts_column_icons_position_left sc_fly_static\" data-id=\"7e7d2714\" data-element_type=\"column\">\n\t\t\t<div class=\"elementor-widget-wrap elementor-element-populated\">\n\t\t\t\t\t\t<div class=\"elementor-element elementor-element-7437a8de sc_fly_static elementor-widget elementor-widget-text-editor\" data-id=\"7437a8de\" data-element_type=\"widget\" data-widget_type=\"text-editor.default\">\n\t\t\t\t<div class=\"elementor-widget-container\">\n\t\t\t\t\t\t\t\t\t<h5>2. Gesammelte Daten<\/h5>\n<p>Gem\u00e4\u00df der VERORDNUNG (EU) 2016\/679 DES EUROP\u00c4ISCHEN PARLAMENTS UND DES RATES vom 27. April 2016 zum Schutz nat\u00fcrlicher Personen bei der Verarbeitung personenbezogener Daten, zum freien Datenverkehr und zur Aufhebung der Richtlinie 95\/46\/EG (Datenschutz-Grundverordnung &#8211; DSGVO)<\/p>\n<p>Die auf der Website madebyghigi.com und madebyghigi.lu mitgeteilten personenbezogenen Informationen werden in \u00dcbereinstimmung mit dem luxemburgischen Gesetz vom 2. August 2002 \u00fcber den Schutz von Personen bei der Verarbeitung personenbezogener Daten in seiner ge\u00e4nderten Fassung und in \u00dcbereinstimmung mit der Reform der EU-Datenschutzbestimmungen 2018 (RGDP) verarbeitet. Der Kunde hat jederzeit das Recht, auf die ihn betreffenden Daten zuzugreifen, sie zu \u00e4ndern, zu berichtigen und zu l\u00f6schen. Diese Rechte k\u00f6nnen ausge\u00fcbt werden, indem Sie einen Brief an den Hauptsitz von SOUDOPLAST senden oder sich elektronisch an <a class=\"underline_anim underline_do_hover\" href=\"mailto:contact@soudoplast.lu\">contact@soudoplast.lu<\/a> wenden.<\/p>\n<h6>Die gesammelten Informationen und ihre Verwendung<\/h6>\n<p>SOUDOPLAST ist der Verantwortliche f\u00fcr die Verarbeitung personenbezogener Daten. SOUDOPLAST verpflichtet sich, die Kontaktdaten seiner Kunden (* mit Ausnahme von Dritten, die an der Ausf\u00fchrung der Bestellungen beteiligt sind (Spediteure, Bankdienste) und\/oder seiner Newsletter-Abonnenten weder kostenlos noch mit einer Gegenleistung an Dritte weiterzugeben. Der Kunde hat ein Recht auf Zugang, \u00c4nderung, Berichtigung und L\u00f6schung der ihn betreffenden Daten, das er bei SOUDOPLAST aus\u00fcben kann.  <\/p>\n<h6>Wann erfassen wir Ihre Daten?<\/h6>\n<p>Wir erheben personenbezogene Daten von Ihnen unter anderem, wenn :<\/p>\n<ul>\n<li>Sie surfen auf unserer Website,<\/li>\n<li>Sie kontaktieren uns \u00fcber verschiedene Kan\u00e4le, darunter insbesondere Kontaktformulare, auf dem Postweg oder per Telefon,<\/li>\n<li>Sie nehmen an einem Spiel oder einem Wettbewerb teil, an Umfragen<\/li>\n<li>Sie besuchen uns in unserem Firmensitz<\/li>\n<li>Sie haben Dritten Ihr Einverst\u00e4ndnis gegeben, dass sie personenbezogene Daten \u00fcber Sie an uns weitergeben d\u00fcrfen,<\/li>\n<\/ul>\n<p>Wir erheben Ihre personenbezogenen Daten nur, wenn dies unbedingt erforderlich und gesetzlich zul\u00e4ssig ist. Wir verpflichten uns, nur das Minimum an pers\u00f6nlichen Informationen zu sammeln, das f\u00fcr die in dieser Richtlinie behandelten Zwecke erforderlich ist.<\/p>\n<h6>Ihre Rechte<\/h6>\n<p>Sie k\u00f6nnen SOUDOPLAST bitten, Ihnen die Informationen, die Sie auf der Website bereitgestellt haben und deren Speicherung in der Kundendatenbank Sie genehmigt haben, mitzuteilen, zu korrigieren, zu aktualisieren oder zu l\u00f6schen, indem Sie uns unter SOUDOPLAST <a class=\"underline_anim underline_do_hover\" href=\"mailto:contact@soudoplast.lu\">contact@soudoplast.lu<\/a> kontaktieren.<br \/>Bevor wir Ihnen personenbezogene Daten zusenden, bitten wir Sie, uns einen Nachweis Ihrer Identit\u00e4t vorzulegen. Wenn Sie Ihre Identit\u00e4t nicht nachweisen k\u00f6nnen, behalten wir uns das Recht vor, Ihnen die Zusendung Ihrer personenbezogenen Daten zu verweigern. Ihre Anfrage wird innerhalb von maximal zwei Monaten beantwortet, sofern sie nicht missbr\u00e4uchlich ist.<br \/>In Bezug auf das Recht auf Berichtigung und L\u00f6schung: Die Vorbedingungen sind identisch mit denen f\u00fcr das Recht auf Zugang. Dar\u00fcber hinaus m\u00fcssen Sie sicherstellen, dass Sie SOUDOPLAST alle Aktualisierungen oder \u00c4nderungen der Informationen \u00fcber Sie zur Verf\u00fcgung stellen, einschlie\u00dflich, aber nicht beschr\u00e4nkt auf Ihre Post- und\/oder E-Mail-Adresse, damit wir Ihre Bestellungen an die richtige Adresse versenden und Sie bei Bedarf bez\u00fcglich dieser Adresse kontaktieren k\u00f6nnen. Schlie\u00dflich kann SOUDOPLAST zu Archivierungszwecken auch Kopien der Kommunikation mit den Nutzern der Website und alle Antworten auf Fragen oder Kommentare, die den Nutzern von unserem Kundenservice zugesandt wurden, aufbewahren.<br \/>Ihre Rechte k\u00f6nnen kostenlos ausge\u00fcbt werden, indem Sie uns eine E-Mail an die E-Mail-Adresse <a class=\"underline_anim underline_do_hover\" href=\"mailto:contact@soudoplast.lu\">contact@soudoplast.lu<\/a> schicken und einfach den Grund f\u00fcr Ihre Anfrage und das Recht, das Sie aus\u00fcben m\u00f6chten, angeben. Sie haben insbesondere Anspruch auf :<\/p>\n<ul>\n<li style=\"list-style-type: none;\">\n<ul>\n<li>Uns um Zugang zu den Daten bitten, die wir \u00fcber Sie haben.<\/li>\n<li>Uns um die Berichtigung von Daten bitten, \u00fcber die wir bereits verf\u00fcgen.<\/li>\n<li>uns auffordern, Ihre Daten zu l\u00f6schen, sofern sie nicht mehr f\u00fcr den Zweck erforderlich sind, f\u00fcr den wir sie nach dem oben bereits Gesagten h\u00e4tten verarbeiten m\u00fcssen, oder f\u00fcr den wir nicht mehr befugt sind, dies zu tun.<\/li>\n<li>uns bitten, die Verarbeitung Ihrer Daten einzuschr\u00e4nken, was bedeutet, dass Sie uns in bestimmten F\u00e4llen bitten k\u00f6nnen, die Verarbeitung der Daten vor\u00fcbergehend auszusetzen oder die Daten \u00fcber die erforderliche Zeit hinaus aufzubewahren, wenn Sie sie ben\u00f6tigen.<\/li>\n<li>Richtlinien zur Aufbewahrung, L\u00f6schung oder Weitergabe Ihrer pers\u00f6nlichen Daten nach Ihrem Tod bereitstellen.<br \/>Sicherheit Ihrer Informationen und keine Weitergabe an Dritte (mit Ausnahme von Dritten, die an der Ausf\u00fchrung von Bestellungen beteiligt sind (Spediteure, Bankdienste))<br \/>Wir verpflichten uns, die Sicherheit Ihrer Informationen zu gew\u00e4hrleisten. Um einen unbefugten Zugriff oder eine Offenlegung zu verhindern, haben wir physische und elektronische Verfahren eingef\u00fchrt, um die Informationen in unserem Besitz zu sichern und zu sch\u00fctzen.<br \/>SOUDOPLAST verpflichtet sich, die Kontaktdaten seiner Kunden oder Newsletter-Abonnenten ohne deren Zustimmung nicht an Dritte weiterzugeben, * mit Ausnahme von Dritten, die an der Ausf\u00fchrung der Bestellungen beteiligt sind (Spediteure, Bankdienste). Im Ausnahmefall einer unbezahlten Rechnung oder eines Betrugs mit Zahlungsmitteln beh\u00e4lt sich SOUDOPLAST das Recht vor, alle notwendigen Daten an die Polizei, die zust\u00e4ndigen Gerichte und die Inkasso-Organisationen weiterzugeben.<\/li>\n<\/ul>\n<\/li>\n<\/ul>\n\t\t\t\t\t\t\t\t<\/div>\n\t\t\t\t<\/div>\n\t\t\t\t<div class=\"elementor-element elementor-element-3aed653 sc_fly_static elementor-widget elementor-widget-spacer\" data-id=\"3aed653\" data-element_type=\"widget\" data-widget_type=\"spacer.default\">\n\t\t\t\t<div class=\"elementor-widget-container\">\n\t\t\t\t\t\t\t<div class=\"elementor-spacer\">\n\t\t\t<div class=\"elementor-spacer-inner\"><\/div>\n\t\t<\/div>\n\t\t\t\t\t\t<\/div>\n\t\t\t\t<\/div>\n\t\t\t\t\t<\/div>\n\t\t<\/div>\n\t\t\t\t\t<\/div>\n\t\t<\/section>\n\t\t\t\t<section class=\"elementor-section elementor-top-section elementor-element elementor-element-dee19af elementor-section-boxed elementor-section-height-default elementor-section-height-default sc_fly_static\" data-id=\"dee19af\" data-element_type=\"section\">\n\t\t\t\t\t\t<div class=\"elementor-container elementor-column-gap-extended\">\n\t\t\t\t\t<div class=\"elementor-column elementor-col-100 elementor-top-column elementor-element elementor-element-5883a04 sc_inner_width_none sc_content_align_inherit sc_layouts_column_icons_position_left sc_fly_static\" data-id=\"5883a04\" data-element_type=\"column\">\n\t\t\t<div class=\"elementor-widget-wrap elementor-element-populated\">\n\t\t\t\t\t\t<div class=\"elementor-element elementor-element-1558e0c sc_fly_static elementor-widget elementor-widget-text-editor\" data-id=\"1558e0c\" data-element_type=\"widget\" data-widget_type=\"text-editor.default\">\n\t\t\t\t<div class=\"elementor-widget-container\">\n\t\t\t\t\t\t\t\t\t<h5>3. Google Analytics<\/h5>\n<p>Wir verwenden Google Analytics auf unserer Website, um anonymisierte Berichte \u00fcber die Nutzung der Website zu erstellen. So werden keine personalisierten Daten gespeichert. Wenn Sie die Verfolgung Ihres Verhaltens auf unserer Website durch Google Analytics deaktivieren m\u00f6chten, verwenden Sie bitte diesen Link: Deaktivierung von Google Analytics.<\/p>\n\t\t\t\t\t\t\t\t<\/div>\n\t\t\t\t<\/div>\n\t\t\t\t<div class=\"elementor-element elementor-element-fd13026 sc_fly_static elementor-widget elementor-widget-spacer\" data-id=\"fd13026\" data-element_type=\"widget\" data-widget_type=\"spacer.default\">\n\t\t\t\t<div class=\"elementor-widget-container\">\n\t\t\t\t\t\t\t<div class=\"elementor-spacer\">\n\t\t\t<div class=\"elementor-spacer-inner\"><\/div>\n\t\t<\/div>\n\t\t\t\t\t\t<\/div>\n\t\t\t\t<\/div>\n\t\t\t\t\t<\/div>\n\t\t<\/div>\n\t\t\t\t\t<\/div>\n\t\t<\/section>\n\t\t\t\t<section class=\"elementor-section elementor-top-section elementor-element elementor-element-c702383 elementor-section-boxed elementor-section-height-default elementor-section-height-default sc_fly_static\" data-id=\"c702383\" data-element_type=\"section\">\n\t\t\t\t\t\t<div class=\"elementor-container elementor-column-gap-extended\">\n\t\t\t\t\t<div class=\"elementor-column elementor-col-100 elementor-top-column elementor-element elementor-element-deb8332 sc_inner_width_none sc_content_align_inherit sc_layouts_column_icons_position_left sc_fly_static\" data-id=\"deb8332\" data-element_type=\"column\">\n\t\t\t<div class=\"elementor-widget-wrap elementor-element-populated\">\n\t\t\t\t\t\t<div class=\"elementor-element elementor-element-0cdb60c sc_fly_static elementor-widget elementor-widget-text-editor\" data-id=\"0cdb60c\" data-element_type=\"widget\" data-widget_type=\"text-editor.default\">\n\t\t\t\t<div class=\"elementor-widget-container\">\n\t\t\t\t\t\t\t\t\t<h5>4. Browser Cookies<\/h5>\n<p>Beim Besuch unserer Website werden mithilfe von Cookies oder \u00e4hnlichen Systemen namentliche und pers\u00f6nliche Daten gesammelt, um das Publikum zu bewerten und bestimmte Navigationsmuster zu messen, damit wir den Nutzern der Website einen besseren Service bieten k\u00f6nnen. Unser Unternehmen beh\u00e4lt sich das Recht vor, solche Cookies oder \u00e4hnliche Navigationssysteme zu verwenden, um die Navigation auf dieser Website zu erleichtern und die Informationen auf der Website zu personalisieren. Sie beh\u00e4lt sich au\u00dferdem das Recht vor, solche Cookies oder \u00e4hnliche Systeme zu verwenden, um Informationen \u00fcber die Nutzer der Website zu sammeln, wie z. B. die IP-Adresse, den Typ des verwendeten Internetbrowsers und des Betriebssystems und\/oder die von einem Nutzer besuchten Seiten der Website, und zwar zu statistischen oder Sicherheitszwecken. Schlie\u00dflich kann sie diese Informationen sammeln, um die Nutzung der Website zu \u00fcberwachen und bestimmte Aspekte der Website zu verbessern. Die meisten Browser akzeptieren Cookies automatisch, aber sie k\u00f6nnen auch so eingestellt werden, dass sie keine Cookies akzeptieren oder das Senden von Cookies anzeigen. Wir empfehlen Ihnen, diese Funktion nicht zu deaktivieren, da Sie dann nicht mehr frei von Seite zu Seite wechseln und alle Navigationsm\u00f6glichkeiten der Website nutzen k\u00f6nnen.<\/p>\n\t\t\t\t\t\t\t\t<\/div>\n\t\t\t\t<\/div>\n\t\t\t\t<div class=\"elementor-element elementor-element-dcaa0b6 sc_fly_static elementor-widget elementor-widget-spacer\" data-id=\"dcaa0b6\" data-element_type=\"widget\" data-widget_type=\"spacer.default\">\n\t\t\t\t<div class=\"elementor-widget-container\">\n\t\t\t\t\t\t\t<div class=\"elementor-spacer\">\n\t\t\t<div class=\"elementor-spacer-inner\"><\/div>\n\t\t<\/div>\n\t\t\t\t\t\t<\/div>\n\t\t\t\t<\/div>\n\t\t\t\t\t<\/div>\n\t\t<\/div>\n\t\t\t\t\t<\/div>\n\t\t<\/section>\n\t\t\t\t<section class=\"elementor-section elementor-top-section elementor-element elementor-element-22a025b elementor-section-boxed elementor-section-height-default elementor-section-height-default sc_fly_static\" data-id=\"22a025b\" data-element_type=\"section\">\n\t\t\t\t\t\t<div class=\"elementor-container elementor-column-gap-extended\">\n\t\t\t\t\t<div class=\"elementor-column elementor-col-100 elementor-top-column elementor-element elementor-element-61ad662 sc_inner_width_none sc_content_align_inherit sc_layouts_column_icons_position_left sc_fly_static\" data-id=\"61ad662\" data-element_type=\"column\">\n\t\t\t<div class=\"elementor-widget-wrap elementor-element-populated\">\n\t\t\t\t\t\t<div class=\"elementor-element elementor-element-744626c sc_fly_static elementor-widget elementor-widget-text-editor\" data-id=\"744626c\" data-element_type=\"widget\" data-widget_type=\"text-editor.default\">\n\t\t\t\t<div class=\"elementor-widget-container\">\n\t\t\t\t\t\t\t\t\t<h6>Haben Sie Fragen?<\/h6>\n<p>Kontaktieren Sie uns per E-Mail an <a class=\"underline_anim underline_do_hover\" href=\"mailto:contact@soudoplast.lu\">contact@soudoplast.lu<\/a>, wenn Sie Fragen zu dieser Datenschutzrichtlinie haben.<\/p>\n\t\t\t\t\t\t\t\t<\/div>\n\t\t\t\t<\/div>\n\t\t\t\t\t<\/div>\n\t\t<\/div>\n\t\t\t\t\t<\/div>\n\t\t<\/section>\n\t\t\t\t<\/div>\n\t\t","protected":false},"excerpt":{"rendered":"<p>Datenschutzerkl\u00e4rung 1. Einleitung Da uns der Schutz Ihrer Privatsph\u00e4re am Herzen liegt, legen wir gro\u00dfen Wert auf die Vertraulichkeit der pers\u00f6nlichen Daten, die Sie uns \u00fcbermitteln. Mit dieser Datenschutzrichtlinie m\u00f6chten&hellip;<\/p>\n","protected":false},"author":159765753,"featured_media":0,"parent":0,"menu_order":0,"comment_status":"closed","ping_status":"closed","template":"","meta":{"jetpack_post_was_ever_published":false,"footnotes":""},"class_list":["post-12287","page","type-page","status-publish","hentry"],"yoast_head":"<!-- This site is optimized with the Yoast SEO plugin v26.7 - https:\/\/yoast.com\/wordpress\/plugins\/seo\/ -->\n<title>Privacy Policy - Soudoplast<\/title>\n<meta name=\"robots\" content=\"index, follow, max-snippet:-1, max-image-preview:large, max-video-preview:-1\" \/>\n<link rel=\"canonical\" href=\"https:\/\/soudoplast.com\/de\/privacy-policy\/\" \/>\n<meta property=\"og:locale\" content=\"de_DE\" \/>\n<meta property=\"og:type\" content=\"article\" \/>\n<meta property=\"og:title\" content=\"Privacy Policy - Soudoplast\" \/>\n<meta property=\"og:description\" content=\"Datenschutzerkl\u00e4rung 1. Einleitung Da uns der Schutz Ihrer Privatsph\u00e4re am Herzen liegt, legen wir gro\u00dfen Wert auf die Vertraulichkeit der pers\u00f6nlichen Daten, die Sie uns \u00fcbermitteln. Mit dieser Datenschutzrichtlinie m\u00f6chten&hellip;\" \/>\n<meta property=\"og:url\" content=\"https:\/\/soudoplast.com\/de\/privacy-policy\/\" \/>\n<meta property=\"og:site_name\" content=\"Soudoplast\" \/>\n<meta property=\"article:modified_time\" content=\"2024-02-20T15:38:25+00:00\" \/>\n<meta name=\"twitter:card\" content=\"summary_large_image\" \/>\n<meta name=\"twitter:label1\" content=\"Gesch\u00e4tzte Lesezeit\" \/>\n\t<meta name=\"twitter:data1\" content=\"7\u00a0Minuten\" \/>\n<script type=\"application\/ld+json\" class=\"yoast-schema-graph\">{\"@context\":\"https:\/\/schema.org\",\"@graph\":[{\"@type\":\"WebPage\",\"@id\":\"https:\/\/soudoplast.com\/de\/privacy-policy\/\",\"url\":\"https:\/\/soudoplast.com\/de\/privacy-policy\/\",\"name\":\"Privacy Policy - Soudoplast\",\"isPartOf\":{\"@id\":\"https:\/\/soudoplast.com\/de\/#website\"},\"datePublished\":\"2022-09-08T17:30:15+00:00\",\"dateModified\":\"2024-02-20T15:38:25+00:00\",\"breadcrumb\":{\"@id\":\"https:\/\/soudoplast.com\/de\/privacy-policy\/#breadcrumb\"},\"inLanguage\":\"de\",\"potentialAction\":[{\"@type\":\"ReadAction\",\"target\":[\"https:\/\/soudoplast.com\/de\/privacy-policy\/\"]}]},{\"@type\":\"BreadcrumbList\",\"@id\":\"https:\/\/soudoplast.com\/de\/privacy-policy\/#breadcrumb\",\"itemListElement\":[{\"@type\":\"ListItem\",\"position\":1,\"name\":\"Accueil\",\"item\":\"https:\/\/soudoplast.com\/de\/startseite\/\"},{\"@type\":\"ListItem\",\"position\":2,\"name\":\"Privacy Policy\"}]},{\"@type\":\"WebSite\",\"@id\":\"https:\/\/soudoplast.com\/de\/#website\",\"url\":\"https:\/\/soudoplast.com\/de\/\",\"name\":\"Soudoplast\",\"description\":\"Vos projets, nos solutions.\",\"publisher\":{\"@id\":\"https:\/\/soudoplast.com\/de\/#organization\"},\"potentialAction\":[{\"@type\":\"SearchAction\",\"target\":{\"@type\":\"EntryPoint\",\"urlTemplate\":\"https:\/\/soudoplast.com\/de\/?s={search_term_string}\"},\"query-input\":{\"@type\":\"PropertyValueSpecification\",\"valueRequired\":true,\"valueName\":\"search_term_string\"}}],\"inLanguage\":\"de\"},{\"@type\":\"Organization\",\"@id\":\"https:\/\/soudoplast.com\/de\/#organization\",\"name\":\"Soudoplast\",\"url\":\"https:\/\/soudoplast.com\/de\/\",\"logo\":{\"@type\":\"ImageObject\",\"inLanguage\":\"de\",\"@id\":\"https:\/\/soudoplast.com\/de\/#\/schema\/logo\/image\/\",\"url\":\"https:\/\/i0.wp.com\/soudoplast.com\/wp-content\/uploads\/2023\/01\/Soudoplast-Logo-Horizontal_Light-Bg.png?fit=1500%2C500&ssl=1\",\"contentUrl\":\"https:\/\/i0.wp.com\/soudoplast.com\/wp-content\/uploads\/2023\/01\/Soudoplast-Logo-Horizontal_Light-Bg.png?fit=1500%2C500&ssl=1\",\"width\":1500,\"height\":500,\"caption\":\"Soudoplast\"},\"image\":{\"@id\":\"https:\/\/soudoplast.com\/de\/#\/schema\/logo\/image\/\"}}]}<\/script>\n<!-- \/ Yoast SEO plugin. -->","yoast_head_json":{"title":"Privacy Policy - Soudoplast","robots":{"index":"index","follow":"follow","max-snippet":"max-snippet:-1","max-image-preview":"max-image-preview:large","max-video-preview":"max-video-preview:-1"},"canonical":"https:\/\/soudoplast.com\/de\/privacy-policy\/","og_locale":"de_DE","og_type":"article","og_title":"Privacy Policy - Soudoplast","og_description":"Datenschutzerkl\u00e4rung 1. Einleitung Da uns der Schutz Ihrer Privatsph\u00e4re am Herzen liegt, legen wir gro\u00dfen Wert auf die Vertraulichkeit der pers\u00f6nlichen Daten, die Sie uns \u00fcbermitteln. Mit dieser Datenschutzrichtlinie m\u00f6chten&hellip;","og_url":"https:\/\/soudoplast.com\/de\/privacy-policy\/","og_site_name":"Soudoplast","article_modified_time":"2024-02-20T15:38:25+00:00","twitter_card":"summary_large_image","twitter_misc":{"Gesch\u00e4tzte Lesezeit":"7\u00a0Minuten"},"schema":{"@context":"https:\/\/schema.org","@graph":[{"@type":"WebPage","@id":"https:\/\/soudoplast.com\/de\/privacy-policy\/","url":"https:\/\/soudoplast.com\/de\/privacy-policy\/","name":"Privacy Policy - Soudoplast","isPartOf":{"@id":"https:\/\/soudoplast.com\/de\/#website"},"datePublished":"2022-09-08T17:30:15+00:00","dateModified":"2024-02-20T15:38:25+00:00","breadcrumb":{"@id":"https:\/\/soudoplast.com\/de\/privacy-policy\/#breadcrumb"},"inLanguage":"de","potentialAction":[{"@type":"ReadAction","target":["https:\/\/soudoplast.com\/de\/privacy-policy\/"]}]},{"@type":"BreadcrumbList","@id":"https:\/\/soudoplast.com\/de\/privacy-policy\/#breadcrumb","itemListElement":[{"@type":"ListItem","position":1,"name":"Accueil","item":"https:\/\/soudoplast.com\/de\/startseite\/"},{"@type":"ListItem","position":2,"name":"Privacy Policy"}]},{"@type":"WebSite","@id":"https:\/\/soudoplast.com\/de\/#website","url":"https:\/\/soudoplast.com\/de\/","name":"Soudoplast","description":"Vos projets, nos solutions.","publisher":{"@id":"https:\/\/soudoplast.com\/de\/#organization"},"potentialAction":[{"@type":"SearchAction","target":{"@type":"EntryPoint","urlTemplate":"https:\/\/soudoplast.com\/de\/?s={search_term_string}"},"query-input":{"@type":"PropertyValueSpecification","valueRequired":true,"valueName":"search_term_string"}}],"inLanguage":"de"},{"@type":"Organization","@id":"https:\/\/soudoplast.com\/de\/#organization","name":"Soudoplast","url":"https:\/\/soudoplast.com\/de\/","logo":{"@type":"ImageObject","inLanguage":"de","@id":"https:\/\/soudoplast.com\/de\/#\/schema\/logo\/image\/","url":"https:\/\/i0.wp.com\/soudoplast.com\/wp-content\/uploads\/2023\/01\/Soudoplast-Logo-Horizontal_Light-Bg.png?fit=1500%2C500&ssl=1","contentUrl":"https:\/\/i0.wp.com\/soudoplast.com\/wp-content\/uploads\/2023\/01\/Soudoplast-Logo-Horizontal_Light-Bg.png?fit=1500%2C500&ssl=1","width":1500,"height":500,"caption":"Soudoplast"},"image":{"@id":"https:\/\/soudoplast.com\/de\/#\/schema\/logo\/image\/"}}]}},"jetpack_likes_enabled":false,"jetpack_sharing_enabled":true,"jetpack_shortlink":"https:\/\/wp.me\/Pf41kj-3cb","jetpack-related-posts":[],"_links":{"self":[{"href":"https:\/\/soudoplast.com\/de\/wp-json\/wp\/v2\/pages\/12287","targetHints":{"allow":["GET"]}}],"collection":[{"href":"https:\/\/soudoplast.com\/de\/wp-json\/wp\/v2\/pages"}],"about":[{"href":"https:\/\/soudoplast.com\/de\/wp-json\/wp\/v2\/types\/page"}],"author":[{"embeddable":true,"href":"https:\/\/soudoplast.com\/de\/wp-json\/wp\/v2\/users\/159765753"}],"replies":[{"embeddable":true,"href":"https:\/\/soudoplast.com\/de\/wp-json\/wp\/v2\/comments?post=12287"}],"version-history":[{"count":4,"href":"https:\/\/soudoplast.com\/de\/wp-json\/wp\/v2\/pages\/12287\/revisions"}],"predecessor-version":[{"id":13007,"href":"https:\/\/soudoplast.com\/de\/wp-json\/wp\/v2\/pages\/12287\/revisions\/13007"}],"wp:attachment":[{"href":"https:\/\/soudoplast.com\/de\/wp-json\/wp\/v2\/media?parent=12287"}],"curies":[{"name":"wp","href":"https:\/\/api.w.org\/{rel}","templated":true}]}}