{"id":12294,"date":"2023-09-25T15:11:01","date_gmt":"2023-09-25T13:11:01","guid":{"rendered":"https:\/\/soudoplast.com\/kontakt\/"},"modified":"2024-08-11T16:47:47","modified_gmt":"2024-08-11T14:47:47","slug":"kontakt","status":"publish","type":"page","link":"https:\/\/soudoplast.com\/de\/kontakt\/","title":{"rendered":"Kontakt"},"content":{"rendered":"\t\t<div data-elementor-type=\"wp-page\" data-elementor-id=\"12294\" class=\"elementor elementor-12294 elementor-6465\" data-elementor-post-type=\"page\">\n\t\t\t\t\t\t<section class=\"elementor-section elementor-top-section elementor-element elementor-element-2643a853 elementor-section-boxed elementor-section-height-default elementor-section-height-default sc_fly_static\" data-id=\"2643a853\" data-element_type=\"section\" data-e-type=\"section\">\n\t\t\t\t\t\t\t<div class=\"elementor-background-overlay\"><\/div>\n\t\t\t\t\t\t\t<div class=\"elementor-container elementor-column-gap-extended\">\n\t\t\t\t\t<div class=\"elementor-column elementor-col-100 elementor-top-column elementor-element elementor-element-192280bc sc_inner_width_none sc_content_align_inherit sc_layouts_column_icons_position_left sc_fly_static\" data-id=\"192280bc\" data-element_type=\"column\" data-e-type=\"column\">\n\t\t\t<div class=\"elementor-widget-wrap elementor-element-populated\">\n\t\t\t\t\t\t<div class=\"elementor-element elementor-element-10ac055 sc_fly_static elementor-widget elementor-widget-heading\" data-id=\"10ac055\" data-element_type=\"widget\" data-e-type=\"widget\" data-widget_type=\"heading.default\">\n\t\t\t\t<div class=\"elementor-widget-container\">\n\t\t\t\t\t<h2 class=\"elementor-heading-title elementor-size-default\">Uns kontaktieren <\/h2>\t\t\t\t<\/div>\n\t\t\t\t<\/div>\n\t\t\t\t\t<\/div>\n\t\t<\/div>\n\t\t\t\t\t<\/div>\n\t\t<\/section>\n\t\t\t\t<section class=\"elementor-section elementor-top-section elementor-element elementor-element-86747be elementor-section-boxed elementor-section-height-default elementor-section-height-default sc_fly_static\" data-id=\"86747be\" data-element_type=\"section\" data-e-type=\"section\">\n\t\t\t\t\t\t<div class=\"elementor-container elementor-column-gap-extended\">\n\t\t\t\t\t<div class=\"elementor-column elementor-col-50 elementor-top-column elementor-element elementor-element-8185ab8 sc_inner_width_none sc_content_align_inherit sc_layouts_column_icons_position_left sc_fly_static\" data-id=\"8185ab8\" data-element_type=\"column\" data-e-type=\"column\">\n\t\t\t<div class=\"elementor-widget-wrap elementor-element-populated\">\n\t\t\t\t\t\t<div class=\"elementor-element elementor-element-1ded1b1 sc_fly_static elementor-widget elementor-widget-trx_sc_icons\" data-id=\"1ded1b1\" data-element_type=\"widget\" data-e-type=\"widget\" data-widget_type=\"trx_sc_icons.default\">\n\t\t\t\t<div class=\"elementor-widget-container\">\n\t\t\t\t\t<div \tclass=\"sc_icons sc_icons_plate sc_icons_size_small sc_align_none\" ><div class=\"sc_icons_item with_more\"><div class=\"sc_icons_icon sc_icon_type_svg sc_icon_animation\" ><svg version=\"1.1\" id=\"Layer_1\" xmlns=\"http:\/\/www.w3.org\/2000\/svg\" xmlns:xlink=\"http:\/\/www.w3.org\/1999\/xlink\" x=\"0px\" y=\"0px\" \t width=\"24px\" height=\"24px\" viewBox=\"0 0 24 24\" enable-background=\"new 0 0 24 24\" xml:space=\"preserve\"> <path d=\"M12,0.938c-3.87,0-7.375,3.137-7.375,7.008 \tc0,3.87,3.198,8.491,7.375,15.117c4.178-6.626,7.375-11.247,7.375-15.117C19.375,4.075,15.871,0.938,12,0.938z M12,11.078 \tc-1.528,0-2.766-1.238-2.766-2.766S10.472,5.547,12,5.547c1.527,0,2.766,1.238,2.766,2.766S13.527,11.078,12,11.078z\"\/> <\/svg><\/div><div class=\"sc_icons_item_details\"><h4 class=\"sc_icons_item_title\"><span>Adresse<\/span><\/h4><div class=\"sc_icons_item_description\"><span>18, ZARE \u00eelot Ouest<\/span><span>L-4384 Ehlerange<\/span><span>Luxemburg <\/span><span><br><\/span><span>22\/5, rue des Semailles<\/span><span>4400 Flemalle<\/span><span>Belgien<\/span><\/div><\/div><\/div><div class=\"sc_icons_item sc_icons_item_linked with_more\"><div class=\"sc_icons_item_details\"><h4 class=\"sc_icons_item_title\"><a href=\"mailto:contact@soudoplast.lu\">\r\n                                    B\u00fcro Luxemburg                                    <\/a><\/h4><div class=\"sc_icons_item_description\"><span>contact@soudoplast.lu<\/span><\/div><a href=\"mailto:contact@soudoplast.lu\" class=\"sc_icons_item_more_link\">\r\n                        <span class=\"link_text\">+352 26 17 55 31<\/span><span class=\"link_icon\"><\/span>\r\n                        <\/a><a href=\"mailto:contact@soudoplast.lu\"\r\n                        class=\"sc_icons_item_link\">\r\n                        <\/a><\/div><\/div><div class=\"sc_icons_item sc_icons_item_linked with_more\"><div class=\"sc_icons_item_details\"><h4 class=\"sc_icons_item_title\"><a href=\"mailto:info@soudoplast.eu\">\r\n                                    B\u00fcro Belgien                                      <\/a><\/h4><div class=\"sc_icons_item_description\"><span>info@soudoplast.eu<\/span><\/div><a href=\"mailto:info@soudoplast.eu\" class=\"sc_icons_item_more_link\">\r\n                        <span class=\"link_text\">+32 4 368 36 50<\/span><span class=\"link_icon\"><\/span>\r\n                        <\/a><a href=\"mailto:info@soudoplast.eu\"\r\n                        class=\"sc_icons_item_link\">\r\n                        <\/a><\/div><\/div><\/div><!-- \/.sc_icons -->\t\t\t\t<\/div>\n\t\t\t\t<\/div>\n\t\t\t\t<div class=\"elementor-element elementor-element-ed7a3d2 sc_fly_static elementor-widget elementor-widget-spacer\" data-id=\"ed7a3d2\" data-element_type=\"widget\" data-e-type=\"widget\" data-widget_type=\"spacer.default\">\n\t\t\t\t<div class=\"elementor-widget-container\">\n\t\t\t\t\t\t\t<div class=\"elementor-spacer\">\n\t\t\t<div class=\"elementor-spacer-inner\"><\/div>\n\t\t<\/div>\n\t\t\t\t\t\t<\/div>\n\t\t\t\t<\/div>\n\t\t\t\t\t<\/div>\n\t\t<\/div>\n\t\t\t\t<div class=\"elementor-column elementor-col-50 elementor-top-column elementor-element elementor-element-0f71819 sc_inner_width_none sc_content_align_inherit sc_layouts_column_icons_position_left sc_fly_static\" data-id=\"0f71819\" data-element_type=\"column\" data-e-type=\"column\">\n\t\t\t<div class=\"elementor-widget-wrap elementor-element-populated\">\n\t\t\t\t\t\t<div class=\"elementor-element elementor-element-814da7f sc_fly_static elementor-widget elementor-widget-text-editor\" data-id=\"814da7f\" data-element_type=\"widget\" data-e-type=\"widget\" data-widget_type=\"text-editor.default\">\n\t\t\t\t<div class=\"elementor-widget-container\">\n\t\t\t\t\t\t\t\t\t<h6>Kontaktformular<\/h6>\n\t\t\t\t\t\t\t\t<\/div>\n\t\t\t\t<\/div>\n\t\t\t\t<div class=\"elementor-element elementor-element-3681be6 sc_fly_static elementor-widget elementor-widget-text-editor\" data-id=\"3681be6\" data-element_type=\"widget\" data-e-type=\"widget\" data-widget_type=\"text-editor.default\">\n\t\t\t\t<div class=\"elementor-widget-container\">\n\t\t\t\t\t\t\t\t\t<p>Z\u00f6gern Sie nicht, uns \u00fcber das Kontaktformular zu kontaktieren. Wir werden Ihnen so schnell wie m\u00f6glich antworten.<\/p>\n\t\t\t\t\t\t\t\t<\/div>\n\t\t\t\t<\/div>\n\t\t\t\t<div class=\"elementor-element elementor-element-d73d6de elementor-widget-tablet__width-initial sc_fly_static elementor-widget elementor-widget-trx_sc_contact_form_7\" data-id=\"d73d6de\" data-element_type=\"widget\" data-e-type=\"widget\" data-widget_type=\"trx_sc_contact_form_7.default\">\n\t\t\t\t<div class=\"elementor-widget-container\">\n\t\t\t\t\t\n<div class=\"wpcf7 no-js\" id=\"wpcf7-f12409-o1\" lang=\"de-DE\" dir=\"ltr\" data-wpcf7-id=\"12409\">\n<div class=\"screen-reader-response\"><p role=\"status\" aria-live=\"polite\" aria-atomic=\"true\"><\/p> <ul><\/ul><\/div>\n<form action=\"\/de\/wp-json\/wp\/v2\/pages\/12294#wpcf7-f12409-o1\" method=\"post\" class=\"wpcf7-form init\" aria-label=\"Kontaktformular\" novalidate=\"novalidate\" data-status=\"init\">\n<fieldset class=\"hidden-fields-container\"><input type=\"hidden\" name=\"_wpcf7\" value=\"12409\" \/><input type=\"hidden\" name=\"_wpcf7_version\" value=\"6.1.4\" \/><input type=\"hidden\" name=\"_wpcf7_locale\" value=\"de_DE\" \/><input type=\"hidden\" name=\"_wpcf7_unit_tag\" value=\"wpcf7-f12409-o1\" \/><input type=\"hidden\" name=\"_wpcf7_container_post\" value=\"0\" \/><input type=\"hidden\" name=\"_wpcf7_posted_data_hash\" value=\"\" \/><input type=\"hidden\" name=\"_wpcf7_recaptcha_response\" value=\"\" \/>\n<\/fieldset>\n<div class=\"form-style-1\">\n\t<div class=\"columns_wrap\">\n\t\t<div class=\"column-1_2\">\n\t\t\t<p><span class=\"style-line icon-name\"><span class=\"wpcf7-form-control-wrap\" data-name=\"your-name\"><input size=\"40\" maxlength=\"400\" class=\"wpcf7-form-control wpcf7-text wpcf7-validates-as-required\" aria-required=\"true\" aria-invalid=\"false\" placeholder=\"Name\" value=\"\" type=\"text\" name=\"your-name\" \/><\/span><\/span>\n\t\t\t<\/p>\n\t\t<\/div>\n\t\t<div class=\"column-1_2\">\n\t\t\t<p><span class=\"style-line icon-email\"><span class=\"wpcf7-form-control-wrap\" data-name=\"your-email\"><input size=\"40\" maxlength=\"400\" class=\"wpcf7-form-control wpcf7-email wpcf7-validates-as-required wpcf7-text wpcf7-validates-as-email\" aria-required=\"true\" aria-invalid=\"false\" placeholder=\"E-Mail-Adresse\" value=\"\" type=\"email\" name=\"your-email\" \/><\/span><\/span>\n\t\t\t<\/p>\n\t\t<\/div>\n\t<\/div>\n\t<div class=\"columns_wrap\">\n\t\t<div class=\"column-1_2\">\n\t\t\t<p><span class=\"style-line icon-phone\"><span class=\"wpcf7-form-control-wrap\" data-name=\"phone\"><input size=\"40\" maxlength=\"400\" class=\"wpcf7-form-control wpcf7-tel wpcf7-validates-as-required wpcf7-text wpcf7-validates-as-tel\" aria-required=\"true\" aria-invalid=\"false\" placeholder=\"Telefon\" value=\"\" type=\"tel\" name=\"phone\" \/><\/span><\/span>\n\t\t\t<\/p>\n\t\t<\/div>\n\t\t<div class=\"column-1_2\">\n\t\t\t<p><span class=\"style-line icon-subject\"><span class=\"wpcf7-form-control-wrap\" data-name=\"subject\"><input size=\"40\" maxlength=\"400\" class=\"wpcf7-form-control wpcf7-text wpcf7-validates-as-required\" aria-required=\"true\" aria-invalid=\"false\" placeholder=\"Thema\" value=\"\" type=\"text\" name=\"subject\" \/><\/span><\/span>\n\t\t\t<\/p>\n\t\t<\/div>\n\t<\/div>\n\t<div class=\"columns_wrap margin-bottom\">\n\t\t<div class=\"column-1_1\">\n\t\t\t<p><span class=\"style-line icon-textarea\"><span class=\"wpcf7-form-control-wrap\" data-name=\"your-message\"><textarea cols=\"40\" rows=\"10\" maxlength=\"2000\" class=\"wpcf7-form-control wpcf7-textarea wpcf7-validates-as-required\" aria-required=\"true\" aria-invalid=\"false\" placeholder=\"Wie k\u00f6nnen wir ihnen helfen? Z\u00f6gern Sie nicht, uns zu kontaktieren!\" name=\"your-message\"><\/textarea><\/span><\/span>\n\t\t\t<\/p>\n\t\t<\/div>\n\t<\/div>\n\t<div class=\"columns_wrap\">\n\t\t<div class=\"column-1_1\">\n\t\t\t<p><span class=\"wpcf7-form-control-wrap\" data-name=\"acceptance\"><span class=\"wpcf7-form-control wpcf7-acceptance\"><span class=\"wpcf7-list-item\"><label><input type=\"checkbox\" name=\"acceptance\" value=\"1\" aria-invalid=\"false\" \/><span class=\"wpcf7-list-item-label\">Ich bin damit einverstanden, dass die von mir \u00fcbermittelten Daten <a href=\"\/privacy-policy\/\">gesammelt und gespeichert<\/a> werden.<\/span><\/label><\/span><\/span><\/span>\n\t\t\t<\/p>\n\t\t<\/div>\n\t<\/div>\n\t<p><input class=\"wpcf7-form-control wpcf7-submit has-spinner\" type=\"submit\" value=\"Senden\" \/>\n\t<\/p>\n<\/div><p style=\"display: none !important;\" class=\"akismet-fields-container\" data-prefix=\"_wpcf7_ak_\"><label>&#916;<textarea name=\"_wpcf7_ak_hp_textarea\" cols=\"45\" rows=\"8\" maxlength=\"100\"><\/textarea><\/label><input type=\"hidden\" id=\"ak_js_1\" name=\"_wpcf7_ak_js\" value=\"55\"\/><script type=\"text\/javascript\">\n\/* <![CDATA[ *\/\ndocument.getElementById( \"ak_js_1\" ).setAttribute( \"value\", ( new Date() ).getTime() );\n\/* ]]> *\/\n<\/script>\n<\/p><div class=\"wpcf7-response-output\" aria-hidden=\"true\"><\/div>\n<\/form>\n<\/div>\n\t\t\t\t<\/div>\n\t\t\t\t<\/div>\n\t\t\t\t\t<\/div>\n\t\t<\/div>\n\t\t\t\t\t<\/div>\n\t\t<\/section>\n\t\t\t\t<section class=\"elementor-section elementor-top-section elementor-element elementor-element-63cb862 elementor-section-boxed elementor-section-height-default elementor-section-height-default sc_fly_static\" data-id=\"63cb862\" data-element_type=\"section\" data-e-type=\"section\">\n\t\t\t\t\t\t<div class=\"elementor-container elementor-column-gap-extended\">\n\t\t\t\t\t<div class=\"elementor-column elementor-col-100 elementor-top-column elementor-element elementor-element-7d6e876 sc_inner_width_none sc_content_align_inherit sc_layouts_column_icons_position_left sc_fly_static\" data-id=\"7d6e876\" data-element_type=\"column\" data-e-type=\"column\">\n\t\t\t<div class=\"elementor-widget-wrap elementor-element-populated\">\n\t\t\t\t\t\t<div class=\"elementor-element elementor-element-0f1aeeb sc_height_small sc_fly_static elementor-widget elementor-widget-spacer\" data-id=\"0f1aeeb\" data-element_type=\"widget\" data-e-type=\"widget\" data-widget_type=\"spacer.default\">\n\t\t\t\t<div class=\"elementor-widget-container\">\n\t\t\t\t\t\t\t<div class=\"elementor-spacer\">\n\t\t\t<div class=\"elementor-spacer-inner\"><\/div>\n\t\t<\/div>\n\t\t\t\t\t\t<\/div>\n\t\t\t\t<\/div>\n\t\t\t\t<section class=\"elementor-section elementor-inner-section elementor-element elementor-element-a699978 elementor-section-boxed elementor-section-height-default elementor-section-height-default sc_fly_static\" data-id=\"a699978\" data-element_type=\"section\" data-e-type=\"section\">\n\t\t\t\t\t\t<div class=\"elementor-container elementor-column-gap-extended\">\n\t\t\t\t\t<div class=\"elementor-column elementor-col-50 elementor-inner-column elementor-element elementor-element-3913673 sc_inner_width_none sc_content_align_inherit sc_layouts_column_icons_position_left sc_fly_static\" data-id=\"3913673\" data-element_type=\"column\" data-e-type=\"column\">\n\t\t\t<div class=\"elementor-widget-wrap elementor-element-populated\">\n\t\t\t\t\t\t<div class=\"elementor-element elementor-element-697b6fe elementor-widget__width-inherit sc_fly_static elementor-widget elementor-widget-trx_sc_googlemap\" data-id=\"697b6fe\" data-element_type=\"widget\" data-e-type=\"widget\" data-widget_type=\"trx_sc_googlemap.default\">\n\t\t\t\t<div class=\"elementor-widget-container\">\n\t\t\t\t\t<div id=\"sc_googlemap_1339623707_wrap\" class=\"sc_googlemap_wrap\"><div id=\"sc_googlemap_1339623707\"\t\t\tclass=\"sc_item_content sc_map sc_googlemap sc_googlemap_default trx_addons_inline_262678423\"\n\t\t\t \t\t\tdata-zoom=\"14\"\n\t\t\tdata-center=\"\"\n\t\t\tdata-style=\"default\"\n\t\t\tdata-cluster-icon=\"\"\n\t\t\t><iframe\n\t\t\t\t\t\tsrc=\"https:\/\/maps.google.com\/maps?t=m&output=embed&iwloc=near&z=14&q=Soudoplast+18+ZARE+%C3%AElot+Ouest+Ehlerange\"\n\t\t\t\t\t\taria-label=\"\"><\/iframe><\/div><\/div>\t\t\t\t<\/div>\n\t\t\t\t<\/div>\n\t\t\t\t\t<\/div>\n\t\t<\/div>\n\t\t\t\t<div class=\"elementor-column elementor-col-50 elementor-inner-column elementor-element elementor-element-1f1450b sc_inner_width_none sc_content_align_inherit sc_layouts_column_icons_position_left sc_fly_static\" data-id=\"1f1450b\" data-element_type=\"column\" data-e-type=\"column\">\n\t\t\t<div class=\"elementor-widget-wrap elementor-element-populated\">\n\t\t\t\t\t\t<div class=\"elementor-element elementor-element-f378fa1 elementor-widget__width-inherit sc_fly_static elementor-widget elementor-widget-trx_sc_googlemap\" data-id=\"f378fa1\" data-element_type=\"widget\" data-e-type=\"widget\" data-widget_type=\"trx_sc_googlemap.default\">\n\t\t\t\t<div class=\"elementor-widget-container\">\n\t\t\t\t\t<div id=\"sc_googlemap_1775884275_wrap\" class=\"sc_googlemap_wrap\"><div id=\"sc_googlemap_1775884275\"\t\t\tclass=\"sc_item_content sc_map sc_googlemap sc_googlemap_default trx_addons_inline_1446667196\"\n\t\t\t \t\t\tdata-zoom=\"14\"\n\t\t\tdata-center=\"\"\n\t\t\tdata-style=\"default\"\n\t\t\tdata-cluster-icon=\"\"\n\t\t\t><iframe\n\t\t\t\t\t\tsrc=\"https:\/\/maps.google.com\/maps?t=m&output=embed&iwloc=near&z=14&q=Soudoplast+Belgium+Rue+des+Semailles+22%2F5%2C+4400+Fl%C3%A9malle%2C+Belgium\"\n\t\t\t\t\t\taria-label=\"\"><\/iframe><\/div><\/div>\t\t\t\t<\/div>\n\t\t\t\t<\/div>\n\t\t\t\t\t<\/div>\n\t\t<\/div>\n\t\t\t\t\t<\/div>\n\t\t<\/section>\n\t\t\t\t<div class=\"elementor-element elementor-element-078eeb2 sc_height_medium sc_layouts_hide_on_notebook sc_layouts_hide_on_tablet sc_layouts_hide_on_mobile sc_fly_static elementor-widget elementor-widget-spacer\" data-id=\"078eeb2\" data-element_type=\"widget\" data-e-type=\"widget\" data-widget_type=\"spacer.default\">\n\t\t\t\t<div class=\"elementor-widget-container\">\n\t\t\t\t\t\t\t<div class=\"elementor-spacer\">\n\t\t\t<div class=\"elementor-spacer-inner\"><\/div>\n\t\t<\/div>\n\t\t\t\t\t\t<\/div>\n\t\t\t\t<\/div>\n\t\t\t\t\t<\/div>\n\t\t<\/div>\n\t\t\t\t\t<\/div>\n\t\t<\/section>\n\t\t\t\t<\/div>\n\t\t","protected":false},"excerpt":{"rendered":"<p>Uns kontaktieren Adresse 18, ZARE \u00eelot OuestL-4384 EhlerangeLuxemburg 22\/5, rue des Semailles4400 FlemalleBelgien B\u00fcro Luxemburg contact@soudoplast.lu +352 26 17 55 31 B\u00fcro Belgien info@soudoplast.eu +32 4 368 36 50 Kontaktformular&hellip;<\/p>\n","protected":false},"author":159765749,"featured_media":12184,"parent":0,"menu_order":0,"comment_status":"closed","ping_status":"closed","template":"","meta":{"_crdt_document":"","footnotes":""},"class_list":["post-12294","page","type-page","status-publish","has-post-thumbnail","hentry"],"yoast_head":"<!-- This site is optimized with the Yoast SEO plugin v27.6 - https:\/\/yoast.com\/product\/yoast-seo-wordpress\/ -->\n<title>Kontakt - Soudoplast<\/title>\n<meta name=\"robots\" content=\"index, follow, max-snippet:-1, max-image-preview:large, max-video-preview:-1\" \/>\n<link rel=\"canonical\" href=\"https:\/\/soudoplast.com\/de\/kontakt\/\" \/>\n<meta property=\"og:locale\" content=\"de_DE\" \/>\n<meta property=\"og:type\" content=\"article\" \/>\n<meta property=\"og:title\" content=\"Kontakt - Soudoplast\" \/>\n<meta property=\"og:description\" content=\"Uns kontaktieren Adresse 18, ZARE \u00eelot OuestL-4384 EhlerangeLuxemburg 22\/5, rue des Semailles4400 FlemalleBelgien B\u00fcro Luxemburg contact@soudoplast.lu +352 26 17 55 31 B\u00fcro Belgien info@soudoplast.eu +32 4 368 36 50 Kontaktformular&hellip;\" \/>\n<meta property=\"og:url\" content=\"https:\/\/soudoplast.com\/de\/kontakt\/\" \/>\n<meta property=\"og:site_name\" content=\"Soudoplast\" \/>\n<meta property=\"article:modified_time\" content=\"2024-08-11T14:47:47+00:00\" \/>\n<meta property=\"og:image\" content=\"https:\/\/i0.wp.com\/soudoplast.com\/wp-content\/uploads\/2023\/10\/soudoplast_background4.webp?fit=1440%2C960&ssl=1\" \/>\n\t<meta property=\"og:image:width\" content=\"1440\" \/>\n\t<meta property=\"og:image:height\" content=\"960\" \/>\n\t<meta property=\"og:image:type\" content=\"image\/webp\" \/>\n<meta name=\"twitter:card\" content=\"summary_large_image\" \/>\n<meta name=\"twitter:label1\" content=\"Gesch\u00e4tzte Lesezeit\" \/>\n\t<meta name=\"twitter:data1\" content=\"1\u00a0Minute\" \/>\n<script type=\"application\/ld+json\" class=\"yoast-schema-graph\">{\"@context\":\"https:\\\/\\\/schema.org\",\"@graph\":[{\"@type\":\"WebPage\",\"@id\":\"https:\\\/\\\/soudoplast.com\\\/de\\\/kontakt\\\/\",\"url\":\"https:\\\/\\\/soudoplast.com\\\/de\\\/kontakt\\\/\",\"name\":\"Kontakt - Soudoplast\",\"isPartOf\":{\"@id\":\"https:\\\/\\\/soudoplast.com\\\/de\\\/#website\"},\"primaryImageOfPage\":{\"@id\":\"https:\\\/\\\/soudoplast.com\\\/de\\\/kontakt\\\/#primaryimage\"},\"image\":{\"@id\":\"https:\\\/\\\/soudoplast.com\\\/de\\\/kontakt\\\/#primaryimage\"},\"thumbnailUrl\":\"https:\\\/\\\/i0.wp.com\\\/soudoplast.com\\\/wp-content\\\/uploads\\\/2023\\\/10\\\/soudoplast_background4.webp?fit=1440%2C960&ssl=1\",\"datePublished\":\"2023-09-25T13:11:01+00:00\",\"dateModified\":\"2024-08-11T14:47:47+00:00\",\"breadcrumb\":{\"@id\":\"https:\\\/\\\/soudoplast.com\\\/de\\\/kontakt\\\/#breadcrumb\"},\"inLanguage\":\"de\",\"potentialAction\":[{\"@type\":\"ReadAction\",\"target\":[\"https:\\\/\\\/soudoplast.com\\\/de\\\/kontakt\\\/\"]}]},{\"@type\":\"ImageObject\",\"inLanguage\":\"de\",\"@id\":\"https:\\\/\\\/soudoplast.com\\\/de\\\/kontakt\\\/#primaryimage\",\"url\":\"https:\\\/\\\/i0.wp.com\\\/soudoplast.com\\\/wp-content\\\/uploads\\\/2023\\\/10\\\/soudoplast_background4.webp?fit=1440%2C960&ssl=1\",\"contentUrl\":\"https:\\\/\\\/i0.wp.com\\\/soudoplast.com\\\/wp-content\\\/uploads\\\/2023\\\/10\\\/soudoplast_background4.webp?fit=1440%2C960&ssl=1\",\"width\":1440,\"height\":960},{\"@type\":\"BreadcrumbList\",\"@id\":\"https:\\\/\\\/soudoplast.com\\\/de\\\/kontakt\\\/#breadcrumb\",\"itemListElement\":[{\"@type\":\"ListItem\",\"position\":1,\"name\":\"Accueil\",\"item\":\"https:\\\/\\\/soudoplast.com\\\/de\\\/startseite\\\/\"},{\"@type\":\"ListItem\",\"position\":2,\"name\":\"Kontakt\"}]},{\"@type\":\"WebSite\",\"@id\":\"https:\\\/\\\/soudoplast.com\\\/de\\\/#website\",\"url\":\"https:\\\/\\\/soudoplast.com\\\/de\\\/\",\"name\":\"Soudoplast\",\"description\":\"Vos projets, nos solutions.\",\"publisher\":{\"@id\":\"https:\\\/\\\/soudoplast.com\\\/de\\\/#organization\"},\"potentialAction\":[{\"@type\":\"SearchAction\",\"target\":{\"@type\":\"EntryPoint\",\"urlTemplate\":\"https:\\\/\\\/soudoplast.com\\\/de\\\/?s={search_term_string}\"},\"query-input\":{\"@type\":\"PropertyValueSpecification\",\"valueRequired\":true,\"valueName\":\"search_term_string\"}}],\"inLanguage\":\"de\"},{\"@type\":\"Organization\",\"@id\":\"https:\\\/\\\/soudoplast.com\\\/de\\\/#organization\",\"name\":\"Soudoplast\",\"url\":\"https:\\\/\\\/soudoplast.com\\\/de\\\/\",\"logo\":{\"@type\":\"ImageObject\",\"inLanguage\":\"de\",\"@id\":\"https:\\\/\\\/soudoplast.com\\\/de\\\/#\\\/schema\\\/logo\\\/image\\\/\",\"url\":\"https:\\\/\\\/i0.wp.com\\\/soudoplast.com\\\/wp-content\\\/uploads\\\/2023\\\/01\\\/Soudoplast-Logo-Horizontal_Light-Bg.png?fit=1500%2C500&ssl=1\",\"contentUrl\":\"https:\\\/\\\/i0.wp.com\\\/soudoplast.com\\\/wp-content\\\/uploads\\\/2023\\\/01\\\/Soudoplast-Logo-Horizontal_Light-Bg.png?fit=1500%2C500&ssl=1\",\"width\":1500,\"height\":500,\"caption\":\"Soudoplast\"},\"image\":{\"@id\":\"https:\\\/\\\/soudoplast.com\\\/de\\\/#\\\/schema\\\/logo\\\/image\\\/\"}}]}<\/script>\n<!-- \/ Yoast SEO plugin. -->","yoast_head_json":{"title":"Kontakt - Soudoplast","robots":{"index":"index","follow":"follow","max-snippet":"max-snippet:-1","max-image-preview":"max-image-preview:large","max-video-preview":"max-video-preview:-1"},"canonical":"https:\/\/soudoplast.com\/de\/kontakt\/","og_locale":"de_DE","og_type":"article","og_title":"Kontakt - Soudoplast","og_description":"Uns kontaktieren Adresse 18, ZARE \u00eelot OuestL-4384 EhlerangeLuxemburg 22\/5, rue des Semailles4400 FlemalleBelgien B\u00fcro Luxemburg contact@soudoplast.lu +352 26 17 55 31 B\u00fcro Belgien info@soudoplast.eu +32 4 368 36 50 Kontaktformular&hellip;","og_url":"https:\/\/soudoplast.com\/de\/kontakt\/","og_site_name":"Soudoplast","article_modified_time":"2024-08-11T14:47:47+00:00","og_image":[{"width":1440,"height":960,"url":"https:\/\/i0.wp.com\/soudoplast.com\/wp-content\/uploads\/2023\/10\/soudoplast_background4.webp?fit=1440%2C960&ssl=1","type":"image\/webp"}],"twitter_card":"summary_large_image","twitter_misc":{"Gesch\u00e4tzte Lesezeit":"1\u00a0Minute"},"schema":{"@context":"https:\/\/schema.org","@graph":[{"@type":"WebPage","@id":"https:\/\/soudoplast.com\/de\/kontakt\/","url":"https:\/\/soudoplast.com\/de\/kontakt\/","name":"Kontakt - Soudoplast","isPartOf":{"@id":"https:\/\/soudoplast.com\/de\/#website"},"primaryImageOfPage":{"@id":"https:\/\/soudoplast.com\/de\/kontakt\/#primaryimage"},"image":{"@id":"https:\/\/soudoplast.com\/de\/kontakt\/#primaryimage"},"thumbnailUrl":"https:\/\/i0.wp.com\/soudoplast.com\/wp-content\/uploads\/2023\/10\/soudoplast_background4.webp?fit=1440%2C960&ssl=1","datePublished":"2023-09-25T13:11:01+00:00","dateModified":"2024-08-11T14:47:47+00:00","breadcrumb":{"@id":"https:\/\/soudoplast.com\/de\/kontakt\/#breadcrumb"},"inLanguage":"de","potentialAction":[{"@type":"ReadAction","target":["https:\/\/soudoplast.com\/de\/kontakt\/"]}]},{"@type":"ImageObject","inLanguage":"de","@id":"https:\/\/soudoplast.com\/de\/kontakt\/#primaryimage","url":"https:\/\/i0.wp.com\/soudoplast.com\/wp-content\/uploads\/2023\/10\/soudoplast_background4.webp?fit=1440%2C960&ssl=1","contentUrl":"https:\/\/i0.wp.com\/soudoplast.com\/wp-content\/uploads\/2023\/10\/soudoplast_background4.webp?fit=1440%2C960&ssl=1","width":1440,"height":960},{"@type":"BreadcrumbList","@id":"https:\/\/soudoplast.com\/de\/kontakt\/#breadcrumb","itemListElement":[{"@type":"ListItem","position":1,"name":"Accueil","item":"https:\/\/soudoplast.com\/de\/startseite\/"},{"@type":"ListItem","position":2,"name":"Kontakt"}]},{"@type":"WebSite","@id":"https:\/\/soudoplast.com\/de\/#website","url":"https:\/\/soudoplast.com\/de\/","name":"Soudoplast","description":"Vos projets, nos solutions.","publisher":{"@id":"https:\/\/soudoplast.com\/de\/#organization"},"potentialAction":[{"@type":"SearchAction","target":{"@type":"EntryPoint","urlTemplate":"https:\/\/soudoplast.com\/de\/?s={search_term_string}"},"query-input":{"@type":"PropertyValueSpecification","valueRequired":true,"valueName":"search_term_string"}}],"inLanguage":"de"},{"@type":"Organization","@id":"https:\/\/soudoplast.com\/de\/#organization","name":"Soudoplast","url":"https:\/\/soudoplast.com\/de\/","logo":{"@type":"ImageObject","inLanguage":"de","@id":"https:\/\/soudoplast.com\/de\/#\/schema\/logo\/image\/","url":"https:\/\/i0.wp.com\/soudoplast.com\/wp-content\/uploads\/2023\/01\/Soudoplast-Logo-Horizontal_Light-Bg.png?fit=1500%2C500&ssl=1","contentUrl":"https:\/\/i0.wp.com\/soudoplast.com\/wp-content\/uploads\/2023\/01\/Soudoplast-Logo-Horizontal_Light-Bg.png?fit=1500%2C500&ssl=1","width":1500,"height":500,"caption":"Soudoplast"},"image":{"@id":"https:\/\/soudoplast.com\/de\/#\/schema\/logo\/image\/"}}]}},"jetpack_likes_enabled":false,"jetpack_sharing_enabled":true,"jetpack_shortlink":"https:\/\/wp.me\/Pf41kj-3ci","jetpack-related-posts":[],"_links":{"self":[{"href":"https:\/\/soudoplast.com\/de\/wp-json\/wp\/v2\/pages\/12294","targetHints":{"allow":["GET"]}}],"collection":[{"href":"https:\/\/soudoplast.com\/de\/wp-json\/wp\/v2\/pages"}],"about":[{"href":"https:\/\/soudoplast.com\/de\/wp-json\/wp\/v2\/types\/page"}],"author":[{"embeddable":true,"href":"https:\/\/soudoplast.com\/de\/wp-json\/wp\/v2\/users\/159765749"}],"replies":[{"embeddable":true,"href":"https:\/\/soudoplast.com\/de\/wp-json\/wp\/v2\/comments?post=12294"}],"version-history":[{"count":10,"href":"https:\/\/soudoplast.com\/de\/wp-json\/wp\/v2\/pages\/12294\/revisions"}],"predecessor-version":[{"id":14388,"href":"https:\/\/soudoplast.com\/de\/wp-json\/wp\/v2\/pages\/12294\/revisions\/14388"}],"wp:featuredmedia":[{"embeddable":true,"href":"https:\/\/soudoplast.com\/de\/wp-json\/wp\/v2\/media\/12184"}],"wp:attachment":[{"href":"https:\/\/soudoplast.com\/de\/wp-json\/wp\/v2\/media?parent=12294"}],"curies":[{"name":"wp","href":"https:\/\/api.w.org\/{rel}","templated":true}]}}