{"id":12346,"date":"2023-11-09T09:47:08","date_gmt":"2023-11-09T08:47:08","guid":{"rendered":"https:\/\/soudoplast.com\/faq\/"},"modified":"2024-08-06T15:23:32","modified_gmt":"2024-08-06T13:23:32","slug":"faq","status":"publish","type":"page","link":"https:\/\/soudoplast.com\/de\/faq\/","title":{"rendered":"FAQ"},"content":{"rendered":"\t\t<div data-elementor-type=\"wp-page\" data-elementor-id=\"12346\" class=\"elementor elementor-12346 elementor-10535\" data-elementor-post-type=\"page\">\n\t\t\t\t\t\t<section class=\"elementor-section elementor-top-section elementor-element elementor-element-ccca6c4 elementor-section-boxed elementor-section-height-default elementor-section-height-default sc_fly_static\" data-id=\"ccca6c4\" data-element_type=\"section\" data-e-type=\"section\">\n\t\t\t\t\t\t<div class=\"elementor-container elementor-column-gap-extended\">\n\t\t\t\t\t<div class=\"elementor-column elementor-col-100 elementor-top-column elementor-element elementor-element-7e42b2c sc_inner_width_none sc_content_align_inherit sc_layouts_column_icons_position_left sc_fly_static\" data-id=\"7e42b2c\" data-element_type=\"column\" data-e-type=\"column\">\n\t\t\t<div class=\"elementor-widget-wrap elementor-element-populated\">\n\t\t\t\t\t\t<div class=\"elementor-element elementor-element-2fdd8b6 sc_fly_static elementor-widget elementor-widget-accordion\" data-id=\"2fdd8b6\" data-element_type=\"widget\" data-e-type=\"widget\" data-widget_type=\"accordion.default\">\n\t\t\t\t<div class=\"elementor-widget-container\">\n\t\t\t\t\t\t\t<div class=\"elementor-accordion\">\n\t\t\t\t\t\t\t<div class=\"elementor-accordion-item\">\n\t\t\t\t\t<div id=\"elementor-tab-title-5011\" class=\"elementor-tab-title\" data-tab=\"1\" role=\"button\" aria-controls=\"elementor-tab-content-5011\" aria-expanded=\"false\">\n\t\t\t\t\t\t\t\t\t\t\t\t\t<span class=\"elementor-accordion-icon elementor-accordion-icon-left\" aria-hidden=\"true\">\n\t\t\t\t\t\t\t\t\t\t\t\t\t\t\t<span class=\"elementor-accordion-icon-closed\"><i class=\"fas fa-plus\"><\/i><\/span>\n\t\t\t\t\t\t\t\t<span class=\"elementor-accordion-icon-opened\"><i class=\"fas fa-minus\"><\/i><\/span>\n\t\t\t\t\t\t\t\t\t\t\t\t\t\t<\/span>\n\t\t\t\t\t\t\t\t\t\t\t\t<a class=\"elementor-accordion-title\" tabindex=\"0\">Was ist der Kunststoffkesselbau von Soudoplast?<\/a>\n\t\t\t\t\t<\/div>\n\t\t\t\t\t<div id=\"elementor-tab-content-5011\" class=\"elementor-tab-content elementor-clearfix\" data-tab=\"1\" role=\"region\" aria-labelledby=\"elementor-tab-title-5011\"><p>Beim <strong>Kunststoffkesselbau<\/strong> werden <strong>Kunststoffprodukte<\/strong> zu ma\u00dfgeschneiderten Strukturen geformt, z. B. zu <strong>Industrietanks<\/strong>, <strong>Containerausstattungen<\/strong>, <strong>speziellen Rohren<\/strong> oder anderen nicht standardm\u00e4\u00dfigen Kunststoffteilen. Soudoplast zeichnet sich in diesem Bereich in Luxemburg und seit kurzem auch in Belgien durch eine einzigartige Qualit\u00e4t und Pr\u00e4zision bei der <strong>Herstellung von Kunststoffen nach Ma\u00df<\/strong> aus. Es werden modernste Techniken eingesetzt, um sicherzustellen, dass jedes Projekt den h\u00f6chsten Standards entspricht.<\/p>\n<\/div>\n\t\t\t\t<\/div>\n\t\t\t\t\t\t\t<div class=\"elementor-accordion-item\">\n\t\t\t\t\t<div id=\"elementor-tab-title-5012\" class=\"elementor-tab-title\" data-tab=\"2\" role=\"button\" aria-controls=\"elementor-tab-content-5012\" aria-expanded=\"false\">\n\t\t\t\t\t\t\t\t\t\t\t\t\t<span class=\"elementor-accordion-icon elementor-accordion-icon-left\" aria-hidden=\"true\">\n\t\t\t\t\t\t\t\t\t\t\t\t\t\t\t<span class=\"elementor-accordion-icon-closed\"><i class=\"fas fa-plus\"><\/i><\/span>\n\t\t\t\t\t\t\t\t<span class=\"elementor-accordion-icon-opened\"><i class=\"fas fa-minus\"><\/i><\/span>\n\t\t\t\t\t\t\t\t\t\t\t\t\t\t<\/span>\n\t\t\t\t\t\t\t\t\t\t\t\t<a class=\"elementor-accordion-title\" tabindex=\"0\">Warum sollte sich Ihr Unternehmen f\u00fcr die Kunststoffherstellung durch Soudoplast entscheiden?<\/a>\n\t\t\t\t\t<\/div>\n\t\t\t\t\t<div id=\"elementor-tab-content-5012\" class=\"elementor-tab-content elementor-clearfix\" data-tab=\"2\" role=\"region\" aria-labelledby=\"elementor-tab-title-5012\"><p>Die von Soudoplast angebotene <strong>Kunststoffherstellung<\/strong> bietet eine au\u00dfergew\u00f6hnliche Haltbarkeit und Flexibilit\u00e4t f\u00fcr eine Vielzahl <strong>von industriellen Anwendungen<\/strong>. Unsere <strong>ma\u00dfgeschneiderten<\/strong> Dienstleistungen k\u00f6nnen Ihrem Unternehmen helfen, spezifische Kunststoffteile zu erhalten, die genau Ihren Bed\u00fcrfnissen entsprechen, wie z.B. <strong>Containerausstattungen<\/strong>, <strong>chemikalienbest\u00e4ndige<\/strong> <strong>Industrietanks<\/strong>, <strong>spezielle<\/strong> korrosionsbest\u00e4ndige <strong>Kunststoffteile<\/strong>, usw&#8230;.<\/p>\n<\/div>\n\t\t\t\t<\/div>\n\t\t\t\t\t\t\t<div class=\"elementor-accordion-item\">\n\t\t\t\t\t<div id=\"elementor-tab-title-5013\" class=\"elementor-tab-title\" data-tab=\"3\" role=\"button\" aria-controls=\"elementor-tab-content-5013\" aria-expanded=\"false\">\n\t\t\t\t\t\t\t\t\t\t\t\t\t<span class=\"elementor-accordion-icon elementor-accordion-icon-left\" aria-hidden=\"true\">\n\t\t\t\t\t\t\t\t\t\t\t\t\t\t\t<span class=\"elementor-accordion-icon-closed\"><i class=\"fas fa-plus\"><\/i><\/span>\n\t\t\t\t\t\t\t\t<span class=\"elementor-accordion-icon-opened\"><i class=\"fas fa-minus\"><\/i><\/span>\n\t\t\t\t\t\t\t\t\t\t\t\t\t\t<\/span>\n\t\t\t\t\t\t\t\t\t\t\t\t<a class=\"elementor-accordion-title\" tabindex=\"0\">Warum sollte ich Soudoplast f\u00fcr meinen Bedarf an Kunststoffschwei\u00dfarbeiten w\u00e4hlen?<\/a>\n\t\t\t\t\t<\/div>\n\t\t\t\t\t<div id=\"elementor-tab-content-5013\" class=\"elementor-tab-content elementor-clearfix\" data-tab=\"3\" role=\"region\" aria-labelledby=\"elementor-tab-title-5013\"><p><strong> Soudoplast<\/strong> f\u00fcr Ihren Bedarf an Kunststoffschwei\u00dfarbeiten zu w\u00e4hlen, bedeutet, sich f\u00fcr eine un\u00fcbertroffene Expertise in diesem Bereich zu entscheiden. Unsere Schwei\u00dfer verwenden <strong>fortschrittliche Schwei\u00dftechniken<\/strong> und modernste Werkzeuge, um <strong>starke und dichte Verbindungen<\/strong> zu gew\u00e4hrleisten, die f\u00fcr die Aufrechterhaltung der Integrit\u00e4t Ihrer <strong>Kunststoffsysteme<\/strong> und <strong>-ger\u00e4te<\/strong> unerl\u00e4sslich sind. Unsere Verpflichtung zu Spitzenleistungen stellt sicher, dass Ihre Kunststoffschwei\u00dfprojekte mit h\u00f6chster Qualit\u00e4t ausgef\u00fchrt werden.<\/p>\n<\/div>\n\t\t\t\t<\/div>\n\t\t\t\t\t\t\t<div class=\"elementor-accordion-item\">\n\t\t\t\t\t<div id=\"elementor-tab-title-5014\" class=\"elementor-tab-title\" data-tab=\"4\" role=\"button\" aria-controls=\"elementor-tab-content-5014\" aria-expanded=\"false\">\n\t\t\t\t\t\t\t\t\t\t\t\t\t<span class=\"elementor-accordion-icon elementor-accordion-icon-left\" aria-hidden=\"true\">\n\t\t\t\t\t\t\t\t\t\t\t\t\t\t\t<span class=\"elementor-accordion-icon-closed\"><i class=\"fas fa-plus\"><\/i><\/span>\n\t\t\t\t\t\t\t\t<span class=\"elementor-accordion-icon-opened\"><i class=\"fas fa-minus\"><\/i><\/span>\n\t\t\t\t\t\t\t\t\t\t\t\t\t\t<\/span>\n\t\t\t\t\t\t\t\t\t\t\t\t<a class=\"elementor-accordion-title\" tabindex=\"0\">Welche Verpflichtungen hat Soudoplast im Bereich des Kunststoffkesselbaus?<\/a>\n\t\t\t\t\t<\/div>\n\t\t\t\t\t<div id=\"elementor-tab-content-5014\" class=\"elementor-tab-content elementor-clearfix\" data-tab=\"4\" role=\"region\" aria-labelledby=\"elementor-tab-title-5014\"><p>Bei <strong>Soudoplast<\/strong> verpflichten wir uns, bei allen unseren Projekten im Bereich Kunststoffkesselbau eine herausragende Qualit\u00e4t zu liefern. Wir halten uns strikt an die Standards der Kunststoffindustrie und die <strong>Spezifikationen unserer Kunden<\/strong> und f\u00fchren w\u00e4hrend des gesamten Herstellungsprozesses strenge <strong>Qualit\u00e4tskontrollen<\/strong> durch. Unser Ruf in Luxemburg gr\u00fcndet sich auf die <strong>Zufriedenheit unserer Kunden<\/strong>, die <strong>Langlebigkeit unserer Kunststoffprodukte<\/strong> und unsere Anpassungsf\u00e4higkeit an Ihre <strong>ma\u00dfgeschneiderten Kunststoffbed\u00fcrfnisse<\/strong>.<\/p>\n<\/div>\n\t\t\t\t<\/div>\n\t\t\t\t\t\t\t<div class=\"elementor-accordion-item\">\n\t\t\t\t\t<div id=\"elementor-tab-title-5015\" class=\"elementor-tab-title\" data-tab=\"5\" role=\"button\" aria-controls=\"elementor-tab-content-5015\" aria-expanded=\"false\">\n\t\t\t\t\t\t\t\t\t\t\t\t\t<span class=\"elementor-accordion-icon elementor-accordion-icon-left\" aria-hidden=\"true\">\n\t\t\t\t\t\t\t\t\t\t\t\t\t\t\t<span class=\"elementor-accordion-icon-closed\"><i class=\"fas fa-plus\"><\/i><\/span>\n\t\t\t\t\t\t\t\t<span class=\"elementor-accordion-icon-opened\"><i class=\"fas fa-minus\"><\/i><\/span>\n\t\t\t\t\t\t\t\t\t\t\t\t\t\t<\/span>\n\t\t\t\t\t\t\t\t\t\t\t\t<a class=\"elementor-accordion-title\" tabindex=\"0\">Ich brauche ein ma\u00dfgefertigtes Kunststoffteil. Wie funktioniert das?<\/a>\n\t\t\t\t\t<\/div>\n\t\t\t\t\t<div id=\"elementor-tab-content-5015\" class=\"elementor-tab-content elementor-clearfix\" data-tab=\"5\" role=\"region\" aria-labelledby=\"elementor-tab-title-5015\"><p>Unser Prozess der <strong>ma\u00dfgeschneiderten Kunststoffherstellung<\/strong> beginnt mit einer eingehenden Beratung, um die spezifischen Bed\u00fcrfnisse unserer Kunden zu verstehen. Anschlie\u00dfend folgt das Design mithilfe spezieller Software, gefolgt von der Herstellung, bei der wir modernste Techniken wie <strong>Thermoformen<\/strong>, <strong>maschinelle Bearbeitung<\/strong> und <strong>Pr\u00e4zisionsplastikschwei\u00dfen <\/strong>einsetzen, um <strong>Kunststoffprodukte<\/strong> herzustellen, die genau den geforderten Spezifikationen entsprechen.<\/p><\/p>\n<\/div>\n\t\t\t\t<\/div>\n\t\t\t\t\t\t\t<div class=\"elementor-accordion-item\">\n\t\t\t\t\t<div id=\"elementor-tab-title-5016\" class=\"elementor-tab-title\" data-tab=\"6\" role=\"button\" aria-controls=\"elementor-tab-content-5016\" aria-expanded=\"false\">\n\t\t\t\t\t\t\t\t\t\t\t\t\t<span class=\"elementor-accordion-icon elementor-accordion-icon-left\" aria-hidden=\"true\">\n\t\t\t\t\t\t\t\t\t\t\t\t\t\t\t<span class=\"elementor-accordion-icon-closed\"><i class=\"fas fa-plus\"><\/i><\/span>\n\t\t\t\t\t\t\t\t<span class=\"elementor-accordion-icon-opened\"><i class=\"fas fa-minus\"><\/i><\/span>\n\t\t\t\t\t\t\t\t\t\t\t\t\t\t<\/span>\n\t\t\t\t\t\t\t\t\t\t\t\t<a class=\"elementor-accordion-title\" tabindex=\"0\">Gew\u00e4hrleistet Soudoplast die Konformit\u00e4t seiner Kunststoffkesselbauprodukte?<\/a>\n\t\t\t\t\t<\/div>\n\t\t\t\t\t<div id=\"elementor-tab-content-5016\" class=\"elementor-tab-content elementor-clearfix\" data-tab=\"6\" role=\"region\" aria-labelledby=\"elementor-tab-title-5016\"><p><strong>Nachhaltigkeit und Konformit\u00e4t<\/strong> stehen im Mittelpunkt unserer <strong>Kunststoffherstellungsverfahren<\/strong>. Wir w\u00e4hlen hochwertige <strong>Materialien<\/strong> aus und wenden w\u00e4hrend des gesamten Produktionsprozesses strenge Kontrollstandards an. Dar\u00fcber hinaus werden alle unsere Produkte strengen Tests unterzogen, um sicherzustellen, dass sie die <strong>Sicherheits- und Leistungsstandards<\/strong> erf\u00fcllen, bevor sie an unsere Kunden ausgeliefert werden.<\/p>\n<\/div>\n\t\t\t\t<\/div>\n\t\t\t\t\t\t\t<div class=\"elementor-accordion-item\">\n\t\t\t\t\t<div id=\"elementor-tab-title-5017\" class=\"elementor-tab-title\" data-tab=\"7\" role=\"button\" aria-controls=\"elementor-tab-content-5017\" aria-expanded=\"false\">\n\t\t\t\t\t\t\t\t\t\t\t\t\t<span class=\"elementor-accordion-icon elementor-accordion-icon-left\" aria-hidden=\"true\">\n\t\t\t\t\t\t\t\t\t\t\t\t\t\t\t<span class=\"elementor-accordion-icon-closed\"><i class=\"fas fa-plus\"><\/i><\/span>\n\t\t\t\t\t\t\t\t<span class=\"elementor-accordion-icon-opened\"><i class=\"fas fa-minus\"><\/i><\/span>\n\t\t\t\t\t\t\t\t\t\t\t\t\t\t<\/span>\n\t\t\t\t\t\t\t\t\t\t\t\t<a class=\"elementor-accordion-title\" tabindex=\"0\">Ich habe ein spezielles Projekt im Bereich Kunststoffkesselbau. Wie kann ich Soudoplast kontaktieren?<\/a>\n\t\t\t\t\t<\/div>\n\t\t\t\t\t<div id=\"elementor-tab-content-5017\" class=\"elementor-tab-content elementor-clearfix\" data-tab=\"7\" role=\"region\" aria-labelledby=\"elementor-tab-title-5017\"><p>F\u00fcr alle Anfragen zu Kunststoff-Kesselbau kontaktieren Sie Soudoplast in Luxemburg unter <a href=\"tel:+35226175531\">+352 26 17 55 31<\/a> oder in Belgien unter <a href=\"tel:+3243683650\">+32 4 368 36 50<\/a>. Sie k\u00f6nnen uns auch eine E-Mail an <a href=\"mailto:contact@soudoplast.lu\">contact@soudoplast.lu<\/a> f\u00fcr Luxemburg oder an <a href=\"mailto:info@soudoplast.eu\">info@soudoplast.eu<\/a> f\u00fcr Belgien schicken. Schlie\u00dflich z\u00f6gern Sie nicht, <a href=\"https:\/\/soudoplast.com\/de\/kontakt\/\">hier unser Kontaktformular<\/a> auszuf\u00fcllen.<\/p>\n<\/div>\n\t\t\t\t<\/div>\n\t\t\t\t\t\t\t\t<\/div>\n\t\t\t\t\t\t<\/div>\n\t\t\t\t<\/div>\n\t\t\t\t\t<\/div>\n\t\t<\/div>\n\t\t\t\t\t<\/div>\n\t\t<\/section>\n\t\t\t\t<\/div>\n\t\t","protected":false},"excerpt":{"rendered":"<p>Was ist der Kunststoffkesselbau von Soudoplast? Beim Kunststoffkesselbau werden Kunststoffprodukte zu ma\u00dfgeschneiderten Strukturen geformt, z. B. zu Industrietanks, Containerausstattungen, speziellen Rohren oder anderen nicht standardm\u00e4\u00dfigen Kunststoffteilen. Soudoplast zeichnet sich in&hellip;<\/p>\n","protected":false},"author":159765753,"featured_media":0,"parent":0,"menu_order":0,"comment_status":"closed","ping_status":"closed","template":"","meta":{"_crdt_document":"","footnotes":""},"class_list":["post-12346","page","type-page","status-publish","hentry"],"yoast_head":"<!-- This site is optimized with the Yoast SEO plugin v27.6 - https:\/\/yoast.com\/product\/yoast-seo-wordpress\/ -->\n<title>FAQ - Soudoplast<\/title>\n<meta name=\"robots\" content=\"index, follow, max-snippet:-1, max-image-preview:large, max-video-preview:-1\" \/>\n<link rel=\"canonical\" href=\"https:\/\/soudoplast.com\/de\/faq\/\" \/>\n<meta property=\"og:locale\" content=\"de_DE\" \/>\n<meta property=\"og:type\" content=\"article\" \/>\n<meta property=\"og:title\" content=\"FAQ - Soudoplast\" \/>\n<meta property=\"og:description\" content=\"Was ist der Kunststoffkesselbau von Soudoplast? Beim Kunststoffkesselbau werden Kunststoffprodukte zu ma\u00dfgeschneiderten Strukturen geformt, z. B. zu Industrietanks, Containerausstattungen, speziellen Rohren oder anderen nicht standardm\u00e4\u00dfigen Kunststoffteilen. Soudoplast zeichnet sich in&hellip;\" \/>\n<meta property=\"og:url\" content=\"https:\/\/soudoplast.com\/de\/faq\/\" \/>\n<meta property=\"og:site_name\" content=\"Soudoplast\" \/>\n<meta property=\"article:modified_time\" content=\"2024-08-06T13:23:32+00:00\" \/>\n<meta name=\"twitter:card\" content=\"summary_large_image\" \/>\n<meta name=\"twitter:label1\" content=\"Gesch\u00e4tzte Lesezeit\" \/>\n\t<meta name=\"twitter:data1\" content=\"2\u00a0Minuten\" \/>\n<script type=\"application\/ld+json\" class=\"yoast-schema-graph\">{\"@context\":\"https:\\\/\\\/schema.org\",\"@graph\":[{\"@type\":\"WebPage\",\"@id\":\"https:\\\/\\\/soudoplast.com\\\/de\\\/faq\\\/\",\"url\":\"https:\\\/\\\/soudoplast.com\\\/de\\\/faq\\\/\",\"name\":\"FAQ - Soudoplast\",\"isPartOf\":{\"@id\":\"https:\\\/\\\/soudoplast.com\\\/de\\\/#website\"},\"datePublished\":\"2023-11-09T08:47:08+00:00\",\"dateModified\":\"2024-08-06T13:23:32+00:00\",\"breadcrumb\":{\"@id\":\"https:\\\/\\\/soudoplast.com\\\/de\\\/faq\\\/#breadcrumb\"},\"inLanguage\":\"de\",\"potentialAction\":[{\"@type\":\"ReadAction\",\"target\":[\"https:\\\/\\\/soudoplast.com\\\/de\\\/faq\\\/\"]}]},{\"@type\":\"BreadcrumbList\",\"@id\":\"https:\\\/\\\/soudoplast.com\\\/de\\\/faq\\\/#breadcrumb\",\"itemListElement\":[{\"@type\":\"ListItem\",\"position\":1,\"name\":\"Accueil\",\"item\":\"https:\\\/\\\/soudoplast.com\\\/de\\\/startseite\\\/\"},{\"@type\":\"ListItem\",\"position\":2,\"name\":\"FAQ\"}]},{\"@type\":\"WebSite\",\"@id\":\"https:\\\/\\\/soudoplast.com\\\/de\\\/#website\",\"url\":\"https:\\\/\\\/soudoplast.com\\\/de\\\/\",\"name\":\"Soudoplast\",\"description\":\"Vos projets, nos solutions.\",\"publisher\":{\"@id\":\"https:\\\/\\\/soudoplast.com\\\/de\\\/#organization\"},\"potentialAction\":[{\"@type\":\"SearchAction\",\"target\":{\"@type\":\"EntryPoint\",\"urlTemplate\":\"https:\\\/\\\/soudoplast.com\\\/de\\\/?s={search_term_string}\"},\"query-input\":{\"@type\":\"PropertyValueSpecification\",\"valueRequired\":true,\"valueName\":\"search_term_string\"}}],\"inLanguage\":\"de\"},{\"@type\":\"Organization\",\"@id\":\"https:\\\/\\\/soudoplast.com\\\/de\\\/#organization\",\"name\":\"Soudoplast\",\"url\":\"https:\\\/\\\/soudoplast.com\\\/de\\\/\",\"logo\":{\"@type\":\"ImageObject\",\"inLanguage\":\"de\",\"@id\":\"https:\\\/\\\/soudoplast.com\\\/de\\\/#\\\/schema\\\/logo\\\/image\\\/\",\"url\":\"https:\\\/\\\/i0.wp.com\\\/soudoplast.com\\\/wp-content\\\/uploads\\\/2023\\\/01\\\/Soudoplast-Logo-Horizontal_Light-Bg.png?fit=1500%2C500&ssl=1\",\"contentUrl\":\"https:\\\/\\\/i0.wp.com\\\/soudoplast.com\\\/wp-content\\\/uploads\\\/2023\\\/01\\\/Soudoplast-Logo-Horizontal_Light-Bg.png?fit=1500%2C500&ssl=1\",\"width\":1500,\"height\":500,\"caption\":\"Soudoplast\"},\"image\":{\"@id\":\"https:\\\/\\\/soudoplast.com\\\/de\\\/#\\\/schema\\\/logo\\\/image\\\/\"}}]}<\/script>\n<!-- \/ Yoast SEO plugin. -->","yoast_head_json":{"title":"FAQ - Soudoplast","robots":{"index":"index","follow":"follow","max-snippet":"max-snippet:-1","max-image-preview":"max-image-preview:large","max-video-preview":"max-video-preview:-1"},"canonical":"https:\/\/soudoplast.com\/de\/faq\/","og_locale":"de_DE","og_type":"article","og_title":"FAQ - Soudoplast","og_description":"Was ist der Kunststoffkesselbau von Soudoplast? Beim Kunststoffkesselbau werden Kunststoffprodukte zu ma\u00dfgeschneiderten Strukturen geformt, z. B. zu Industrietanks, Containerausstattungen, speziellen Rohren oder anderen nicht standardm\u00e4\u00dfigen Kunststoffteilen. Soudoplast zeichnet sich in&hellip;","og_url":"https:\/\/soudoplast.com\/de\/faq\/","og_site_name":"Soudoplast","article_modified_time":"2024-08-06T13:23:32+00:00","twitter_card":"summary_large_image","twitter_misc":{"Gesch\u00e4tzte Lesezeit":"2\u00a0Minuten"},"schema":{"@context":"https:\/\/schema.org","@graph":[{"@type":"WebPage","@id":"https:\/\/soudoplast.com\/de\/faq\/","url":"https:\/\/soudoplast.com\/de\/faq\/","name":"FAQ - Soudoplast","isPartOf":{"@id":"https:\/\/soudoplast.com\/de\/#website"},"datePublished":"2023-11-09T08:47:08+00:00","dateModified":"2024-08-06T13:23:32+00:00","breadcrumb":{"@id":"https:\/\/soudoplast.com\/de\/faq\/#breadcrumb"},"inLanguage":"de","potentialAction":[{"@type":"ReadAction","target":["https:\/\/soudoplast.com\/de\/faq\/"]}]},{"@type":"BreadcrumbList","@id":"https:\/\/soudoplast.com\/de\/faq\/#breadcrumb","itemListElement":[{"@type":"ListItem","position":1,"name":"Accueil","item":"https:\/\/soudoplast.com\/de\/startseite\/"},{"@type":"ListItem","position":2,"name":"FAQ"}]},{"@type":"WebSite","@id":"https:\/\/soudoplast.com\/de\/#website","url":"https:\/\/soudoplast.com\/de\/","name":"Soudoplast","description":"Vos projets, nos solutions.","publisher":{"@id":"https:\/\/soudoplast.com\/de\/#organization"},"potentialAction":[{"@type":"SearchAction","target":{"@type":"EntryPoint","urlTemplate":"https:\/\/soudoplast.com\/de\/?s={search_term_string}"},"query-input":{"@type":"PropertyValueSpecification","valueRequired":true,"valueName":"search_term_string"}}],"inLanguage":"de"},{"@type":"Organization","@id":"https:\/\/soudoplast.com\/de\/#organization","name":"Soudoplast","url":"https:\/\/soudoplast.com\/de\/","logo":{"@type":"ImageObject","inLanguage":"de","@id":"https:\/\/soudoplast.com\/de\/#\/schema\/logo\/image\/","url":"https:\/\/i0.wp.com\/soudoplast.com\/wp-content\/uploads\/2023\/01\/Soudoplast-Logo-Horizontal_Light-Bg.png?fit=1500%2C500&ssl=1","contentUrl":"https:\/\/i0.wp.com\/soudoplast.com\/wp-content\/uploads\/2023\/01\/Soudoplast-Logo-Horizontal_Light-Bg.png?fit=1500%2C500&ssl=1","width":1500,"height":500,"caption":"Soudoplast"},"image":{"@id":"https:\/\/soudoplast.com\/de\/#\/schema\/logo\/image\/"}}]}},"jetpack_likes_enabled":false,"jetpack_sharing_enabled":true,"jetpack_shortlink":"https:\/\/wp.me\/Pf41kj-3d8","jetpack-related-posts":[],"_links":{"self":[{"href":"https:\/\/soudoplast.com\/de\/wp-json\/wp\/v2\/pages\/12346","targetHints":{"allow":["GET"]}}],"collection":[{"href":"https:\/\/soudoplast.com\/de\/wp-json\/wp\/v2\/pages"}],"about":[{"href":"https:\/\/soudoplast.com\/de\/wp-json\/wp\/v2\/types\/page"}],"author":[{"embeddable":true,"href":"https:\/\/soudoplast.com\/de\/wp-json\/wp\/v2\/users\/159765753"}],"replies":[{"embeddable":true,"href":"https:\/\/soudoplast.com\/de\/wp-json\/wp\/v2\/comments?post=12346"}],"version-history":[{"count":2,"href":"https:\/\/soudoplast.com\/de\/wp-json\/wp\/v2\/pages\/12346\/revisions"}],"predecessor-version":[{"id":13898,"href":"https:\/\/soudoplast.com\/de\/wp-json\/wp\/v2\/pages\/12346\/revisions\/13898"}],"wp:attachment":[{"href":"https:\/\/soudoplast.com\/de\/wp-json\/wp\/v2\/media?parent=12346"}],"curies":[{"name":"wp","href":"https:\/\/api.w.org\/{rel}","templated":true}]}}